{"id":13176,"date":"2025-02-06T16:25:43","date_gmt":"2025-02-06T15:25:43","guid":{"rendered":"https:\/\/360explore.com\/nl\/?page_id=13176"},"modified":"2026-04-24T10:34:40","modified_gmt":"2026-04-24T08:34:40","slug":"huttentocht-beginners","status":"publish","type":"page","link":"https:\/\/360explore.com\/nl\/huttentocht-beginners\/","title":{"rendered":"Huttentocht beginners"},"content":{"rendered":"\n<p>Een huttentocht is \u00e9\u00e9n van de mooiste manieren om de bergen \u00e9cht te beleven. Je bent de hele dag buiten, wandelt door indrukwekkende berglandschappen en je overnacht in een knusse berghut, ver weg van de bewoonde wereld. Heb je nog geen ervaring met het maken van een huttentocht? Geen probleem! Juist voor jou als beginner is een meerdaagse huttentocht een laagdrempelige \u00e9n avontuurlijke manier om kennis te maken met het bergleven.<\/p>\n\n\n\n<h2 class=\"wp-block-heading\">Waarom kiezen voor een huttentocht voor beginners?&nbsp;<\/h2>\n\n\n\n<p>Tijdens een <a href=\"https:\/\/360explore.com\/nl\/huttentocht-groepsreis\/\">huttentocht<\/a> loop je van hut naar hut met je eigen rugzak. Dankzij de begeleiding van een ervaren IML-gids hoef jij je geen zorgen te maken over de route. Jij focust je op het wandelen, wij regelen de rest. Je overnacht in authentieke berghutten met een knusse sfeer, waar je geniet van lokale maaltijden, even bijkomt en de dag gezellig afsluit met je groep.<\/p>\n\n\n\n<div class=\"wp-block-columns are-vertically-aligned-center is-layout-flex wp-container-core-columns-is-layout-1 wp-block-columns-is-layout-flex\">\n<div class=\"wp-block-column is-vertically-aligned-center is-layout-flow wp-block-column-is-layout-flow\" style=\"flex-basis:33.33%\">\n<figure class=\"wp-block-image size-large\"><img loading=\"lazy\" decoding=\"async\" width=\"930\" height=\"523\" src=\"https:\/\/360explore.com\/nl\/wp-content\/uploads\/sites\/2\/2020\/12\/Huttentocht-in-Duitsland-herfst-930x523.jpg\" alt=\"\" class=\"wp-image-798\" srcset=\"https:\/\/360explore.com\/nl\/wp-content\/uploads\/sites\/2\/2020\/12\/Huttentocht-in-Duitsland-herfst-930x523.jpg 930w, https:\/\/360explore.com\/nl\/wp-content\/uploads\/sites\/2\/2020\/12\/Huttentocht-in-Duitsland-herfst-460x259.jpg 460w, https:\/\/360explore.com\/nl\/wp-content\/uploads\/sites\/2\/2020\/12\/Huttentocht-in-Duitsland-herfst-705x397.jpg 705w, https:\/\/360explore.com\/nl\/wp-content\/uploads\/sites\/2\/2020\/12\/Huttentocht-in-Duitsland-herfst.jpg 1200w\" sizes=\"(max-width: 930px) 100vw, 930px\" \/><\/figure>\n<\/div>\n\n\n\n<div class=\"wp-block-column is-vertically-aligned-center is-layout-flow wp-block-column-is-layout-flow\" style=\"flex-basis:66.66%\">\n<p>Onze huttentochten voor beginners vragen geen extreme inspanning, maar geven je w\u00e9l het echte berggevoel. Minder hoogtemeters, voldoende rustmomenten en een veilige omgeving. Zo maken we jouw eerste huttentocht toegankelijk \u00e9n bijzonder.<\/p>\n<\/div>\n<\/div>\n\n\n\n<h2 class=\"wp-block-heading\">De voordelen van een beginners huttentocht in Oostenrijk&nbsp;<\/h2>\n\n\n\n<p>Ben je op zoek naar je eerste <a href=\"https:\/\/360explore.com\/nl\/groepsreizen\/?character%5B%5D=huttentrektocht&amp;trip-query-confirm=Filter\">huttentocht<\/a>? Dan is Oostenrijk een goede keuze. Bij 360\u00b0 kiezen we dit land niet voor niets als favoriete bestemming voor beginners. De bergen zijn goed bereikbaar en de berghutten zijn comfortabel en gastvrij. Bovendien biedt Oostenrijk volop mogelijkheden voor korte en eenvoudige tochten, speciaal afgestemd op beginners. Samen met een kleine groep van maximaal 12 reizigers en een ervaren gids trek je door het berglandschap van Oostenrijk. Dit zijn 5 redenen waarom een beginners huttentocht in Oostenrijk ideaal is:<\/p>\n\n\n\n<h3 class=\"wp-block-heading\">1. Toegankelijke routes zonder moeilijke stukken&nbsp;<\/h3>\n\n\n\n<p>DDe wandelpaden in Oostenrijk zijn vaak goed gemarkeerd en onderhouden. Veel routes starten in goed bereikbare dorpen en volgen paden over weides, bossen en riviertjes. Je hoeft geen steile of moeilijke stukken te verwachten. De focus ligt op ontspannen wandelen in een indrukwekkende omgeving. Mocht je toch moeite hebben met een bepaald stuk, dan is de gids er altijd om je te helpen.&nbsp;<\/p>\n\n\n\n<h3 class=\"wp-block-heading\">2. Wandelen door afwisselend landschap<\/h3>\n\n\n\n<p>Een huttentocht in Oostenrijk biedt veel variatie. Je loopt van bloemrijke alpenweides naar ruigere bergpassen, met onderweg steeds wisselende uitzichten. De natuur blijft je verrassen. Juist die afwisseling maakt elke wandeldag uniek.<\/p>\n\n\n\n<h3 class=\"wp-block-heading\">3. Verkoeling onderweg in bergmeertjes en beekjes<\/h3>\n\n\n\n<p>Tijdens het wandelen komen we langs bergmeren waar je kunt afkoelen, even een verfrissende plons kunt nemen of zelfs een stukje kunt zwemmen.<\/p>\n\n\n\n<h3 class=\"wp-block-heading\">4. Bijzondere overnachtingsplekken<\/h3>\n\n\n\n<p>Steeds meer almhutten, waar vroeger boeren de zomer doorbrachten, zijn omgebouwd tot knusse slaapplaatsen voor wandelaars. Wakker worden met het geluid van koebellen, ontbijten met lokale producten en uitkijken over een stille vallei. Het draagt allemaal bij aan de magie van een huttentocht in Oostenrijk.<\/p>\n\n\n\n<h3 class=\"wp-block-heading\">5. Authentieke berghutten met comfort&nbsp;<\/h3>\n\n\n\n<p>De berghutten waar we overnachten zijn charmant en sfeervol. Denk aan warme houten interieurs, een gezellige zitruimte en lange tafels waar je samen geniet van een maaltijd. Je deelt een kamer met je medereizigers, maar het ontbreekt je niet aan comfort. Vaak is er warm water en elektriciteit. Alles wat je nodig hebt om bij te komen na een mooie dag in de bergen.<\/p>\n\n\n\n<h2 class=\"wp-block-heading\">Waarom een korte huttentocht vaak niet genoeg is<\/h2>\n\n\n\n<p>Een korte huttentocht lijkt vaak voldoende, maar blijkt in de praktijk net te kort om echt tot rust te komen. Kies daarom niet voor een 3-daagse huttentocht in Oostenrijk, maar ga voor een tocht van minimaal 4 tot 5 dagen. Zo heb je de tijd om te landen, los te laten en volop te genieten van het wandelen in de natuur.<\/p>\n\n\n\n<!--trips-->\n\n\n\n<h2 class=\"wp-block-heading\">Hoe fit moet je zijn voor een huttentocht als beginner?&nbsp;<\/h2>\n\n\n\n<p>Geen zorgen, je hoeft echt geen topsporter te zijn voor onze reizen. Wel is het belangrijk dat je een goede basisconditie hebt. Dit betekent dat je een paar uur per dag kunt wandelen, op ongelijke stukken, m\u00e9t je rugzak op.&nbsp;<\/p>\n\n\n\n<p>De meeste huttentochten voor beginners zijn zo opgebouwd dat je per dag tussen de 4 en 6 uur wandelt. Dat is exclusief pauze. Soms zitten er dagen tussen dat je meer hoogtemeters maakt en op andere dagen zijn de etappes juist korter of vlakker. Dat zorgt voor een mooie balans in de tocht.<\/p>\n\n\n\n<div class=\"wp-block-columns is-layout-flex wp-container-core-columns-is-layout-2 wp-block-columns-is-layout-flex\">\n<div class=\"wp-block-column is-layout-flow wp-block-column-is-layout-flow\">\n<figure class=\"wp-block-image size-large\"><img loading=\"lazy\" decoding=\"async\" width=\"930\" height=\"620\" src=\"https:\/\/360explore.com\/nl\/wp-content\/uploads\/sites\/2\/2024\/04\/grandiose_trail_reis_in_de_gran_paradiso-930x620.jpg\" alt=\"\" class=\"wp-image-9162\" srcset=\"https:\/\/360explore.com\/nl\/wp-content\/uploads\/sites\/2\/2024\/04\/grandiose_trail_reis_in_de_gran_paradiso-930x620.jpg 930w, https:\/\/360explore.com\/nl\/wp-content\/uploads\/sites\/2\/2024\/04\/grandiose_trail_reis_in_de_gran_paradiso-460x307.jpg 460w, https:\/\/360explore.com\/nl\/wp-content\/uploads\/sites\/2\/2024\/04\/grandiose_trail_reis_in_de_gran_paradiso-330x220.jpg 330w, https:\/\/360explore.com\/nl\/wp-content\/uploads\/sites\/2\/2024\/04\/grandiose_trail_reis_in_de_gran_paradiso-705x470.jpg 705w, https:\/\/360explore.com\/nl\/wp-content\/uploads\/sites\/2\/2024\/04\/grandiose_trail_reis_in_de_gran_paradiso-1440x960.jpg 1440w, https:\/\/360explore.com\/nl\/wp-content\/uploads\/sites\/2\/2024\/04\/grandiose_trail_reis_in_de_gran_paradiso-1920x1280.jpg 1920w\" sizes=\"(max-width: 930px) 100vw, 930px\" \/><\/figure>\n<\/div>\n<\/div>\n\n\n\n<h2 class=\"wp-block-heading\">Tips voor jouw eerst huttentocht als beginner&nbsp;<\/h2>\n\n\n\n<p>Vind je het spannend om jouw eerste <a href=\"https:\/\/360explore.com\/nl\/huttentocht-overzicht\/\">huttentocht<\/a> te maken? Dat is helemaal niet gek. Voor veel mensen voelt het als een groot avontuur om meerdere dagen achter elkaar te wandelen met een rugzak. Juist daarom raden we je aan om alvast te beginnen met trainen.<\/p>\n\n\n\n<h3 class=\"wp-block-heading\">Bereidt je fysiek voor: zo doe je dat<\/h3>\n\n\n\n<p>Begin op tijd met trainen voor een goede start. Je hoeft echt niet direct een zware tocht te maken, maar het helpt als je lichaam alvast went aan wat je straks gaat doen. Ga bijvoorbeeld 3 maanden voor je reis al regelmatig wandelen. Het liefst een paar uur achter elkaar. Wissel asfalt af met bospaden of heuvelachtig terrein, en oefen ook met een rugzak.&nbsp;<\/p>\n\n\n\n<p>Daarnaast is het verstandig om je spieren te versterken met oefeningen, zoals squats, lunges of op je tenen staan om je kuiten te versterken. Een sterke core en stevige benen zorgen ervoor dat het maken van een huttentocht in bijvoorbeeld Oostenrijk makkelijker is, vooral op ongelijke paden of bij afdalingen. Je hoeft niet uren in de sportschool te staan, 2 \u00e0 3 keer per week 15 tot 20 minuten thuis trainen kan al veel verschil maken.<\/p>\n\n\n\n<div class=\"wp-block-columns are-vertically-aligned-center is-layout-flex wp-container-core-columns-is-layout-3 wp-block-columns-is-layout-flex\">\n<div class=\"wp-block-column is-vertically-aligned-center is-layout-flow wp-block-column-is-layout-flow\" style=\"flex-basis:33.33%\">\n<figure class=\"wp-block-embed is-type-rich is-provider-spotify wp-block-embed-spotify wp-embed-aspect-21-9 wp-has-aspect-ratio\"><div class=\"wp-block-embed__wrapper\">\n<iframe title=\"Spotify Embed: Zomerse wandelreis: korte huttentocht voor beginners in Oostenrijk\" style=\"border-radius: 12px\" width=\"100%\" height=\"152\" frameborder=\"0\" allowfullscreen allow=\"autoplay; clipboard-write; encrypted-media; fullscreen; picture-in-picture\" loading=\"lazy\" src=\"https:\/\/open.spotify.com\/embed\/episode\/5zt82glVuzOieetweXEaTt?si=3Xelki7TS1mDmN7cxaygtw&amp;utm_source=oembed\"><\/iframe>\n<\/div><\/figure>\n<\/div>\n\n\n\n<div class=\"wp-block-column is-vertically-aligned-center is-layout-flow wp-block-column-is-layout-flow\" style=\"flex-basis:66.66%\">\n<p><strong>Extra tip: luister de podcast aflevering over een huttentocht voor beginners<\/strong><br>Benieuwd hoe een korte huttentocht voor beginners er \u00e9cht aan toe gaat? In onze podcast aflevering vertelt gids Ellen alles over de reis naar Oostenrijk. Ze deelt praktische tips, vertelt over de plek en wat je allemaal kan verwachten.<\/p>\n<\/div>\n<\/div>\n\n\n\n<div class=\"wp-block-columns is-layout-flex wp-container-core-columns-is-layout-5 wp-block-columns-is-layout-flex\">\n<div class=\"wp-block-column is-layout-flow wp-block-column-is-layout-flow\">\n<h2 class=\"wp-block-heading\">Wat neem je mee op een huttentocht?<\/h2>\n\n\n\n<p>Wat ook bij een goede voorbereiding hoort is weten wat er allemaal in je rugzak moet. Om het overzichtelijk voor te maken hebben we een handige checklist voor je met spullen die je zeker niet mag vergeten. Deze checklist is natuurlijk nog niet alles. Zodra je jouw reis bij ons boekt, ontvang je een uitgebreide <a href=\"https:\/\/360explore.com\/nl\/paklijst-huttentocht\/\">paklijst<\/a>. Zo weet je zeker dat je niks vergeet en vertrek je goed voorbereid op pad.<\/p>\n\n\n\n<p><strong>\u2713 Wandelschoenen<\/strong><br>Kies voor <a href=\"https:\/\/360explore.com\/nl\/blog\/welke-wandelschoenen\/\">wandelschoenen<\/a> uit categorie B of B\/C. Deze zijn flexibel genoeg voor huttentochten, maar bieden tegelijk genoeg steun en grip op het ruige en technische terrein. Zorg dat je ze goed hebt ingelopen v\u00f3\u00f3r je op pad gaat.<br><strong>\u2713 Kleding in laagjes<\/strong><br>Het maakt niet uit in welk seizoen je gaat, het weer verandert continu. Dit komt onder andere doordat je de hele tijd stijgt en daalt. Daarom is het verstandig om in 3 laagjes te werken:<br><strong>Laag 1:<\/strong> een ademende, sneldrogende basislaag, zoals een sportshirt<br><strong>Laag 2:<\/strong> een isolerende laag, zoals een fleece of dun donsjack<br><strong>Laag 3:<\/strong> een water- en winddichte buitenlaag, bijvoorbeeld een lichtgewicht regenjas<br><strong>\u2713 Rugzak<\/strong><br>Een goede <a href=\"https:\/\/360explore.com\/nl\/blog\/perfecte-rugzak-huttentocht-tips\/\">rugzak<\/a> van ongeveer 40 liter is ruim voldoende voor al je spullen. Kies er \u00e9\u00e9n met een stevige heupband en ventilerend rugpand voor comfort. Zorg ook voor een regenhoes, die is vaak inbegrepen, om je spullen droog te houden bij een regenbui.<br><strong>\u2713 Wandelstokken<\/strong><br><a href=\"https:\/\/360explore.com\/nl\/blog\/welke-wandelstokken-heb-je-nodig\/\">Wandelstokken<\/a> helpen je balans te houden, vooral bij steile stukken omhoog of omlaag. Ze ontlasten je knie\u00ebn \u00e9n zorgen ervoor dat je energie beter verdeeld wordt tijdens het lopen.<br><strong>\u2713 Zonbescherming<\/strong><br>De zon is in de bergen heel sterk. Denk aan <a href=\"https:\/\/360explore.com\/nl\/blog\/zonnebrandcreme-en-bergwandelen\/\">zonnebrandcr\u00e8me<\/a>, minimaal factor 30, maar het liefst factor 50, een zonnebril en lippenbalsem met UV-bescherming en een pet of hoofdband tegen de zon.<br><strong>\u2713 Lakenzak<\/strong><br>In vrijwel alle hutten is een eigen lakenzak verplicht. Het is hygi\u00ebnischer \u00e9n comfortabeler dan slapen in alleen het standaard beddengoed in de hut. Kies voor katoen of zijde. Deze zijn licht en compact.<br><strong>\u2713 Kleine handdoek<\/strong><br>Een sneldrogende microvezel handdoek is ideaal voor in de hut. Licht, compact en droogt snel. Precies wat je nodig hebt na een koude bergdouche.<br><strong>\u2713 Mini toiletspullen<\/strong><br>Neem alleen het belangrijkste mee. Een kleine tandpasta, een tandenborstel, een stuk zeep of shampoo bar, en eventueel oordoppen. Stop alles in een licht toilettasje.<br><strong>\u2713 Contant geld&nbsp;<\/strong><br>Weinig berghutten accepteren pin. Neem daarom genoeg contant geld mee voor lunch, drankjes of een warme douche. Liever iets te veel dan te weinig.<br><strong>\u2713 Snacks voor onderweg<\/strong><br>Neem iets mee dat snel energie geeft. Denk aan noten, gedroogd fruit, energierepen of keks. Handig voor een pauze onderweg of als je tussen 2 hutten net wat langer loopt dan gedacht.<br><strong>\u2713 Waterfles of drinkzak<\/strong><br>Zorg dat je minstens 1,5 liter water bij je hebt. Gebruik een herbruikbare waterfles die je makkelijk kunt bijvullen bij de hut.<\/p>\n\n\n\n<h2 class=\"wp-block-heading\">Veelgestelde vragen over een huttentocht voor beginners<\/h2>\n\n\n\n<h3 class=\"wp-block-heading\" style=\"font-size:18px\"><strong>Welke voorzieningen zijn er in de berghutten aanwezig?<\/strong><\/h3>\n\n\n\n<p>De meeste hutten bieden basisvoorzieningen. Voorbeelden hiervan zijn onder andere een bed, dekens, een warme maaltijd en ontbijt. Soms zijn er douches (tegen betaling), wifi is vaak beperkt of afwezig.<\/p>\n\n\n\n<h3 class=\"wp-block-heading\" style=\"font-size:18px\"><strong>Wat zijn mooie bestemmingen voor een eerste huttentocht?<\/strong><\/h3>\n\n\n\n<p>Een veelgekozen bestemming voor een huttentocht voor beginners zijn de Alpen. Vooral in regio\u2019s zoals Tirol (Oostenrijk) en Beieren (Duitsland) vind je toegankelijke en populaire routes die perfect zijn voor je eerste meerdaagse wandelavontuur. Deze gebieden bieden goed gemarkeerde paden, haalbare dagafstanden en comfortabele berghutten.<\/p>\n\n\n\n<h3 class=\"wp-block-heading\" style=\"font-size:18px\"><strong>Hoeveel kilometer en hoogtemeters loop je gemiddeld per dag?<\/strong><\/h3>\n\n\n\n<p>Dit verschilt per huttentocht \u00e9n ook per dag. Maar voor beginners is het vaak gemiddeld:<br><strong>Afstand:<\/strong> 8 tot 15 kilometer per dag<br><strong>Hoogtemeters:<\/strong> 400 tot 900 meter stijgen \u00e9n dalen<\/p>\n\n\n\n<h3 class=\"wp-block-heading\" style=\"font-size:18px\"><strong>Hoe kom je vanaf Nederland bij de start van een huttentocht?<\/strong><\/h3>\n\n\n\n<p>Veel startpunten van onze routes zijn eenvoudig te bereiken met de trein vanuit Nederland. Je reist meestal via een internationale verbinding naar het land van bestemming. Vanaf het station is het vaak nog een korte rit met een lokale bus of transfer naar het begin van de route. Toch liever met de auto? Kies dan bij voorkeur voor carpooling, wel zo gezellig \u00e9n milieuvriendelijker.<\/p>\n\n\n\n<p>Daarnaast compenseren we de CO\u2082-uitstoot van jouw volledige reis dubbel. Zo dragen we samen bij aan een <a href=\"https:\/\/360explore.com\/nl\/duurzaamheidsbeleid\/\">duurzame<\/a> manier van reizen door de bergen, met zo min mogelijk impact op de natuur die we willen behouden.<\/p>\n\n\n\n<h2 class=\"wp-block-heading\">Boek je eerste huttentocht voor beginners&nbsp;<\/h2>\n\n\n\n<p>Ben je er klaar voor om de bergen in Oostenrijk of een ander berggebied in te trekken? Om even helemaal weg te zijn, frisse berglucht in te ademen en elke dag met een glimlach van hut naar hut te wandelen? Dan is dit h\u00e9t moment om je eerste huttentocht voor beginners te boeken.<\/p>\n\n\n\n<p>Heb je eerst nog vragen? <a href=\"tel:+31172255360\">Bel<\/a>, <a href=\"mailto:basecamp@360explore.com\">mail<\/a> of chat met ons. Dan helpen we je graag verder.&nbsp;<\/p>\n\n\n\n<div class=\"wp-block-columns is-layout-flex wp-container-core-columns-is-layout-4 wp-block-columns-is-layout-flex\">\n<div class=\"wp-block-column is-layout-flow wp-block-column-is-layout-flow\">\n<figure class=\"wp-block-embed is-type-video is-provider-youtube wp-block-embed-youtube wp-embed-aspect-16-9 wp-has-aspect-ratio\"><div class=\"wp-block-embed__wrapper\">\n<iframe loading=\"lazy\" title=\"Korte huttentocht voor beginners in Oostenrijk\" width=\"500\" height=\"281\" src=\"https:\/\/www.youtube.com\/embed\/GEjPLHJ_Qx4?start=3&#038;feature=oembed&#038;enablejsapi=1&#038;origin=https:\/\/360explore.com\" frameborder=\"0\" allow=\"accelerometer; autoplay; clipboard-write; encrypted-media; gyroscope; picture-in-picture; web-share\" referrerpolicy=\"strict-origin-when-cross-origin\" allowfullscreen><\/iframe>\n<\/div><figcaption class=\"wp-element-caption\"><strong>Onze gids Ellen vertelt je meer over de korte huttentocht voor beginners in Oostenrijk<\/strong><\/figcaption><\/figure>\n<\/div>\n<\/div>\n<\/div>\n<\/div>\n","protected":false},"excerpt":{"rendered":"<p>Een huttentocht is \u00e9\u00e9n van de mooiste manieren om de bergen \u00e9cht te beleven. Je bent de hele dag buiten, wandelt door indrukwekkende berglandschappen en je overnacht in een knusse berghut, ver weg van de bewoonde wereld. Heb je nog geen ervaring met het maken van een huttentocht? Geen probleem! Juist voor jou als beginner [&hellip;]<\/p>\n","protected":false},"author":5,"featured_media":0,"parent":0,"menu_order":0,"comment_status":"closed","ping_status":"closed","template":"landingspage.php","meta":{"_acf_changed":false,"_trash_the_other_posts":false,"editor_notices":[],"footnotes":""},"class_list":["post-13176","page","type-page","status-publish","hentry"],"acf":[],"_links":{"self":[{"href":"https:\/\/360explore.com\/nl\/wp-json\/wp\/v2\/pages\/13176"}],"collection":[{"href":"https:\/\/360explore.com\/nl\/wp-json\/wp\/v2\/pages"}],"about":[{"href":"https:\/\/360explore.com\/nl\/wp-json\/wp\/v2\/types\/page"}],"author":[{"embeddable":true,"href":"https:\/\/360explore.com\/nl\/wp-json\/wp\/v2\/users\/5"}],"replies":[{"embeddable":true,"href":"https:\/\/360explore.com\/nl\/wp-json\/wp\/v2\/comments?post=13176"}],"version-history":[{"count":2,"href":"https:\/\/360explore.com\/nl\/wp-json\/wp\/v2\/pages\/13176\/revisions"}],"predecessor-version":[{"id":17926,"href":"https:\/\/360explore.com\/nl\/wp-json\/wp\/v2\/pages\/13176\/revisions\/17926"}],"wp:attachment":[{"href":"https:\/\/360explore.com\/nl\/wp-json\/wp\/v2\/media?parent=13176"}],"curies":[{"name":"wp","href":"https:\/\/api.w.org\/{rel}","templated":true}]}}