{"id":4598,"date":"2022-02-10T19:08:03","date_gmt":"2022-02-10T18:08:03","guid":{"rendered":"https:\/\/360explore.com\/nl\/?page_id=4598"},"modified":"2026-02-12T14:24:13","modified_gmt":"2026-02-12T13:24:13","slug":"slovenie","status":"publish","type":"page","link":"https:\/\/360explore.com\/nl\/huttentocht-groepsreis\/slovenie\/","title":{"rendered":"Huttentocht Sloveni\u00eb"},"content":{"rendered":"\n<p>Sloveni\u00eb, het land van gevarieerde landschappen met mooie meren, rivieren en bergtoppen Het land kent prachtige natuur, waardoor je gegarandeerd tot rust komt! Door het afwisselende landschap is het moeilijk om maar \u00e9\u00e9n hoogtepunt te noemen. Op dit moment zijn er door 360\u00b0 Explore nog geen huttentochten naar Sloveni\u00eb gepland, maar we vertellen je graag meer over dit mooie wandelland en geven je een aantal alternatieven!\u00a0\u00a0<\/p>\n\n\n\n<h2 class=\"wp-block-heading\"><strong>Berggebieden in Sloveni\u00eb<\/strong><\/h2>\n\n\n\n<p>Sloveni\u00eb heeft 5 bergketens. Ieder met z\u2019n eigen karakteristieke eigenschappen. Alle bergketens zijn ideaal om te genieten van een mooie wandeling. We vertellen je graag meer over onze 3 favoriete bergketens.<\/p>\n\n\n\n<h3 class=\"wp-block-heading\">Julische Alpen &#8211; hooggebergte<\/h3>\n\n\n\n<p>In de Julische Alpen, ook wel de Juliaanse Alpen genoemd, vind je (wat ons betreft) de mooiste bergen van Sloveni\u00eb. Dit gebied ligt voor driekwart in Sloveni\u00eb en een kwart ligt in Itali\u00eb. In het Sloveense gedeelte vind je meer dan 150 bergtoppen die de moeite waard zijn om met een bezoekje te vereren.&nbsp;<\/p>\n\n\n\n<p>De hoogste bergtop heet de Triglav en ligt toepasselijk in het Triglav Nationaal park. Deze bergtop is 2.864 meter hoog en is het symbool van het nationale park. In de Julische Alpen vind je daarnaast ook mooie watervallen en mooie rivieren. Zo ontspringen daar de so\u010da en de Sava. Dit maakt het ook het ideale wandelgebied als je bijvoorbeeld een 3 daagse huttentocht in Sloveni\u00eb wilt maken.<\/p>\n\n\n\n<figure class=\"wp-block-image size-large\"><img loading=\"lazy\" decoding=\"async\" width=\"930\" height=\"620\" src=\"https:\/\/360explore.com\/nl\/wp-content\/uploads\/sites\/2\/2022\/09\/julische-alpen-slovenie-1-930x620.jpg\" alt=\"\" class=\"wp-image-5646\" srcset=\"https:\/\/360explore.com\/nl\/wp-content\/uploads\/sites\/2\/2022\/09\/julische-alpen-slovenie-1-930x620.jpg 930w, https:\/\/360explore.com\/nl\/wp-content\/uploads\/sites\/2\/2022\/09\/julische-alpen-slovenie-1-460x307.jpg 460w, https:\/\/360explore.com\/nl\/wp-content\/uploads\/sites\/2\/2022\/09\/julische-alpen-slovenie-1-330x220.jpg 330w, https:\/\/360explore.com\/nl\/wp-content\/uploads\/sites\/2\/2022\/09\/julische-alpen-slovenie-1-705x470.jpg 705w, https:\/\/360explore.com\/nl\/wp-content\/uploads\/sites\/2\/2022\/09\/julische-alpen-slovenie-1-1440x960.jpg 1440w, https:\/\/360explore.com\/nl\/wp-content\/uploads\/sites\/2\/2022\/09\/julische-alpen-slovenie-1.jpg 1920w\" sizes=\"(max-width: 930px) 100vw, 930px\" \/><\/figure>\n\n\n\n<h3 class=\"wp-block-heading\">Pohorje &#8211; middelgebergte<\/h3>\n\n\n\n<p>Pohorje ligt in het noorden van Sloveni\u00eb. Dit middelgebergte doet niet onder voor de prachtige Alpen. De hoogste bergtop in dit gebied is 1.543 meter hoog en heet Crni Vrh. Als je in de heuvels van Pohorje gaat wandelen, dan zie je een schilderachtige en mysterieuze omgeving. Je komt diverse meren tegen, zoals de Rogla en Ptuj. Ook wandel je door prachtige bossen en kom je mooie dorpen tegen.<\/p>\n\n\n\n<h3 class=\"wp-block-heading\">Dinarische Alpen &#8211; hoog-, middel- en laaggebergte<\/h3>\n\n\n\n<p>De Dinarische Alpen ligt in het zuidelijke gedeelte van Sloveni\u00eb. Dit berggebied is 650 km lang en loopt vanuit Sloveni\u00eb verder door in Kroati\u00eb, Bosni\u00eb Herzegovina en eindigt in Albani\u00eb. Ook loopt er nog een (heel) klein stukje van dit berggebied door Itali\u00eb.&nbsp;<\/p>\n\n\n\n<p>Het hoogste punt in Sloveni\u00eb is Veliki Sne\u017enik en is 1.796 meter hoog. De hoogste top van de het hele wandelgebied ligt in Albani\u00eb en is 2.694 meter hoog. In het wandelgebied kom je van alles tegen. Mooie bossen, diverse rotspartijen en wilde dieren, zoals beren.&nbsp;<\/p>\n\n\n\n<h2 class=\"wp-block-heading\">Onontdekt wandelgebied<\/h2>\n\n\n\n<p>Als wandelland is Sloveni\u00eb nog redelijk onontdekt door de toeristen. Hierdoor wandel je in alle rust en beleef je het bergleven nog beter. Ondanks dat er minder toerisme is, zijn de berggebieden goed ingericht voor een wandelvakantie. Er zijn diverse berghutten te vinden, zodat je een goede en unieke huttentocht in Sloveni\u00eb kunt maken.&nbsp;<\/p>\n\n\n\n<h2 class=\"wp-block-heading\">Eenvoudig te bereiken<\/h2>\n\n\n\n<p>Door de ligging van Sloveni\u00eb is dit wandelgebied eenvoudig vanuit Nederland te bereiken. Zo kun je vanuit Amsterdam in 2 uur vliegen naar de hoofdstad Ljubljana en ben je zo in de natuur. Als je richting de Julische Alpen wil, dan kun je dit ook combineren met een reis richting Veneti\u00eb. Vanuit deze plaats is het nog een klein uurtje rijden.&nbsp;<\/p>\n\n\n\n<p>Ook kun je met de trein reizen, maar dan ben je wat langer onderweg: ongeveer 20 uur zal de reis dan duren. Natuurlijk kun je dit ook in delen doen, waardoor je nog meer van Europa ontdekt. Met de auto duurt de reis naar Sloveni\u00eb zo\u2019n 13 uur (vanuit Utrecht).<\/p>\n\n\n\n<h2 class=\"wp-block-heading\">Beste reisperiode voor een huttentocht in Sloveni\u00eb<\/h2>\n\n\n\n<p>Sloveni\u00eb heeft een ideaal wandelklimaat. Het heeft geen extreem warme zomers en geen extreme winters. Wel kan er regelmatig een bui vallen. Sloveni\u00eb kun je daardoor het hele jaar als wandelbestemming kiezen. Toch zijn er een paar maanden waarin je het beste kunt wandelen.<\/p>\n\n\n\n<h3 class=\"wp-block-heading\">Wandelen met warme temperaturen<\/h3>\n\n\n\n<p>Als je graag wil wandelen in rust, maar wel wil genieten van warme dagen, dan raden we je aan om in juni een wandelvakantie te boeken. Op die manier voorkom je drukte door de schoolvakanties, maar heb je wel grote kans op mooie en warme temperaturen.<\/p>\n\n\n\n<h3 class=\"wp-block-heading\">Wandelen in het tussenseizoen<\/h3>\n\n\n\n<p>Ook september is een goede maand voor een wandelvakantie in Sloveni\u00eb. Je wandelt dan nog wel met warmere dagen, maar (meestal) komt de temperatuur niet boven de 25 graden uit. Ook het nationale park is dan \u00e9cht de moeite waard, doordat de natuur dan rood, oranje en geel kleurt.<\/p>\n\n\n\n<h3 class=\"wp-block-heading\">Winterwandelen in Sloveni\u00eb<\/h3>\n\n\n\n<p>De periode november tot maart is het beste moment als je wil gaan sneeuwwandelen in Sloveni\u00eb. In Sloveni\u00eb zijn er diverse gebieden die op dat moment sneeuwzeker zijn. Je hebt dan wel sneeuwschoenen nodig, omdat je anders wegzakt in de sneeuw.&nbsp;<\/p>\n\n\n\n<figure class=\"wp-block-image size-large\"><img loading=\"lazy\" decoding=\"async\" width=\"930\" height=\"620\" src=\"https:\/\/360explore.com\/nl\/wp-content\/uploads\/sites\/2\/2022\/09\/sneeuwwandelen-slovenie-1-930x620.jpg\" alt=\"\" class=\"wp-image-5647\" srcset=\"https:\/\/360explore.com\/nl\/wp-content\/uploads\/sites\/2\/2022\/09\/sneeuwwandelen-slovenie-1-930x620.jpg 930w, https:\/\/360explore.com\/nl\/wp-content\/uploads\/sites\/2\/2022\/09\/sneeuwwandelen-slovenie-1-460x307.jpg 460w, https:\/\/360explore.com\/nl\/wp-content\/uploads\/sites\/2\/2022\/09\/sneeuwwandelen-slovenie-1-330x220.jpg 330w, https:\/\/360explore.com\/nl\/wp-content\/uploads\/sites\/2\/2022\/09\/sneeuwwandelen-slovenie-1-705x470.jpg 705w, https:\/\/360explore.com\/nl\/wp-content\/uploads\/sites\/2\/2022\/09\/sneeuwwandelen-slovenie-1-1440x960.jpg 1440w, https:\/\/360explore.com\/nl\/wp-content\/uploads\/sites\/2\/2022\/09\/sneeuwwandelen-slovenie-1.jpg 1920w\" sizes=\"(max-width: 930px) 100vw, 930px\" \/><\/figure>\n\n\n\n<h2 class=\"wp-block-heading\">Aanbod van reizen<\/h2>\n\n\n\n<p>Zoals we al eerder aan hebben gegeven; op dit moment zijn er door 360\u00b0 Explore nog geen huttentochten gepland in Sloveni\u00eb. We verwachten wel dat deze reizen er binnenkort aankomen. Wil je hier graag meer informatie over? Stel gerust je vraag aan een van onze gidsen via <a href=\"https:\/\/wa.me\/+31172255360\" target=\"_blank\" rel=\"noopener\">Whatsapp<\/a>, <a href=\"tel:\/\/+31172255360\">bel ons<\/a> of vul het <a href=\"https:\/\/360explore.com\/nl\/contact\/\">contactformulier<\/a> in.&nbsp;<\/p>\n\n\n\n<p>In de tussentijd bieden we wel mooie reizen aan in de omgeving van Sloveni\u00eb aan. Ga bijvoorbeeld met ons mee richting:<\/p>\n\n\n\n<!--trips-->\n","protected":false},"excerpt":{"rendered":"<p>Sloveni\u00eb, het land van gevarieerde landschappen met mooie meren, rivieren en bergtoppen Het land kent prachtige natuur, waardoor je gegarandeerd tot rust komt! Door het afwisselende landschap is het moeilijk om maar \u00e9\u00e9n hoogtepunt te noemen. Op dit moment zijn er door 360\u00b0 Explore nog geen huttentochten naar Sloveni\u00eb gepland, maar we vertellen je graag [&hellip;]<\/p>\n","protected":false},"author":27,"featured_media":0,"parent":311,"menu_order":0,"comment_status":"closed","ping_status":"closed","template":"landingspage.php","meta":{"_acf_changed":false,"_trash_the_other_posts":false,"editor_notices":[],"footnotes":""},"class_list":["post-4598","page","type-page","status-publish","hentry"],"acf":[],"_links":{"self":[{"href":"https:\/\/360explore.com\/nl\/wp-json\/wp\/v2\/pages\/4598"}],"collection":[{"href":"https:\/\/360explore.com\/nl\/wp-json\/wp\/v2\/pages"}],"about":[{"href":"https:\/\/360explore.com\/nl\/wp-json\/wp\/v2\/types\/page"}],"author":[{"embeddable":true,"href":"https:\/\/360explore.com\/nl\/wp-json\/wp\/v2\/users\/27"}],"replies":[{"embeddable":true,"href":"https:\/\/360explore.com\/nl\/wp-json\/wp\/v2\/comments?post=4598"}],"version-history":[{"count":2,"href":"https:\/\/360explore.com\/nl\/wp-json\/wp\/v2\/pages\/4598\/revisions"}],"predecessor-version":[{"id":17137,"href":"https:\/\/360explore.com\/nl\/wp-json\/wp\/v2\/pages\/4598\/revisions\/17137"}],"up":[{"embeddable":true,"href":"https:\/\/360explore.com\/nl\/wp-json\/wp\/v2\/pages\/311"}],"wp:attachment":[{"href":"https:\/\/360explore.com\/nl\/wp-json\/wp\/v2\/media?parent=4598"}],"curies":[{"name":"wp","href":"https:\/\/api.w.org\/{rel}","templated":true}]}}