{"id":809,"date":"2021-01-28T21:56:26","date_gmt":"2021-01-28T20:56:26","guid":{"rendered":"https:\/\/staging.360explore.com\/nl\/?page_id=809"},"modified":"2026-02-16T10:41:54","modified_gmt":"2026-02-16T09:41:54","slug":"italie","status":"publish","type":"page","link":"https:\/\/360explore.com\/nl\/huttentocht-groepsreis\/italie\/","title":{"rendered":"Huttentocht Itali\u00eb"},"content":{"rendered":"\n<p>Huttentocht Itali\u00eb, Itali\u00eb is werkelijk een fascinerend land voor een huttentocht. De hoogste bergen van Europa zoals de <a href=\"https:\/\/360explore.com\/nl\/tour-du-mont-blanc-wandelen\/\">Mont Blanc<\/a>, Monte Rosa, Gran Paradiso en Matterhorn liggen allemaal op de landsgrens. Daarbij zijn deze bergen ruim 4000m hoog, ruig, besneeuwd en werkelijk indrukwekkend.<\/p>\n\n\n\n<!--trips-->\n\n\n\n<h3 class=\"wp-block-heading\">De schoonheid van een huttentocht Itali\u00eb<\/h3>\n\n\n\n<p>Een huttentocht Itali\u00eb is \u00e9\u00e9n en al schoonheid! De schoonheid van de bergen werd al vroeg ontdekt en daarmee is het aanbod aan wandelpaden en berghutten enorm en maakt Itali\u00eb een paradijs voor elk type wandelaar. Er zijn vele gebieden die zich kenmerken door rust waardoor het kan zijn dat je tijdens een dag wandelen niemand bent tegengekomen. Met wat geluk zijn het alleen de steenbokken die je tegen het lijft loopt omdat ze rijkelijk aanwezig zijn in het land. Alle verschillende bergketens die het land rijk is zijn uitermate geschikt voor een \u00e9\u00e9n of meerdaagse <a href=\"https:\/\/360explore.com\/nl\/huttentocht-overzicht\/\">huttentocht<\/a>. Bijkomend voordeel van een huttentocht Itali\u00eb: de keuken is er fantastisch en meestal bestaat het avondeten uit een 3 gangen diner van lokale specialiteiten. Onder het genot van een plaatselijk glas wijn smaakt het na een dag wandelen des te beter.<\/p>\n\n\n\n<figure class=\"wp-block-image size-large\"><img loading=\"lazy\" decoding=\"async\" width=\"930\" height=\"620\" src=\"https:\/\/360explore.com\/nl\/wp-content\/uploads\/sites\/2\/2021\/03\/Huttentocht-in-Italie-1-930x620.jpg\" alt=\"huttentocht Italie\" class=\"wp-image-1233\" srcset=\"https:\/\/360explore.com\/nl\/wp-content\/uploads\/sites\/2\/2021\/03\/Huttentocht-in-Italie-1-930x620.jpg 930w, https:\/\/360explore.com\/nl\/wp-content\/uploads\/sites\/2\/2021\/03\/Huttentocht-in-Italie-1-460x307.jpg 460w, https:\/\/360explore.com\/nl\/wp-content\/uploads\/sites\/2\/2021\/03\/Huttentocht-in-Italie-1-330x220.jpg 330w, https:\/\/360explore.com\/nl\/wp-content\/uploads\/sites\/2\/2021\/03\/Huttentocht-in-Italie-1-705x470.jpg 705w, https:\/\/360explore.com\/nl\/wp-content\/uploads\/sites\/2\/2021\/03\/Huttentocht-in-Italie-1-1440x960.jpg 1440w, https:\/\/360explore.com\/nl\/wp-content\/uploads\/sites\/2\/2021\/03\/Huttentocht-in-Italie-1-1920x1280.jpg 1920w\" sizes=\"(max-width: 930px) 100vw, 930px\" \/><\/figure>\n\n\n\n<h2 class=\"wp-block-heading\">Huttentocht Itali\u00eb: de berghut<\/h2>\n\n\n\n<p>Berghutten zijn simpele en vaak eenvoudige onderkomens die van origine zijn gebouwd om onderdak te bieden aan bergbeklimmers en wandelaars. Voor een huttentocht Itali\u00eb zijn er in totaal 774 berghutten die beheert worden door de <a class=\"rank-math-link\" href=\"https:\/\/www.cai.it\/en\/18294\/\" target=\"_blank\" rel=\"noopener\">Club Alpino Italiano<\/a>. Daarvan zijn er iets meer dan de helft bemand. Tegenwoordig worden de bemande berghutten steeds luxer en bieden naast warmte, onderdak en voeding steeds vaker erg lekker eten en zelfs een warme douche. De berghut is ideaal als je een meerdaagse huttentocht wilt maken. Met een relatief lichte rugzak wandel je gemakkelijk grotere afstanden en kun je veel meer van de omgeving bekijken. Een standaard paklijst en <a class=\"rank-math-link\" href=\"https:\/\/360explore.com\/nl\/huttentocht\/\">meer informatie voor een huttentocht<\/a> Itali\u00eb is hier te vinden.<\/p>\n\n\n\n<!--guides-->\n\n\n\n<p>Voor de avontuurlijk ingestelde wandelaar kun je dus voor een huttentocht Itali\u00eb ook gebruik maken van onbemande hutten, de zogenaamde bivacco\u2019s. Dit zijn kleine schuilhutten met een grootte van 10-16 pers en liggen veelal in de uithoeken van het gebied. Niettemin zijn ze zeker de moeite waard om te bezoeken. Wil je hier gebruik van maken, dan is het noodzakelijk om een eigen lichte slaapzak, eten en kookspullen mee te nemen.<\/p>\n\n\n\n<p>Wil je een meerdaagse huttentocht in Itali\u00eb maken waarbij je gebruik maakt van bemande hutten, dan is het wel van belang dat je, vaak ruim voor de tijd, de hutten reserveert. Mocht je onverhoopt toch niet komen omdat bijvoorbeeld het weer roet in het eten gooit, laat het dan even weten aan de huttenwaard door je reservering te annuleren.<\/p>\n\n\n\n<h2 class=\"wp-block-heading\">Huttentocht Itali\u00eb: de Dolomieten<\/h2>\n\n\n\n<p>Heb je het over een huttentocht Itali\u00eb, dan denk je al snel aan de Dolomieten. De Dolomieten zijn ruig, rotsachtig en ontzettend kleurrijk vanwege de verschillende mineralen die in de bergen zitten. De bergen zijn er niet extreem hoog, er zijn bijvoorbeeld bijna geen gletsjers of eeuwige sneeuw. Wat het gebied wel uitzonderlijk maakt is dat de bergen er ontzettend ruig en puntig zijn waarbij de vaak loodrechte wanden hoog boven de alpenweides uit stijgen. De wandelpaden zijn er goed aangegeven en voor menig bergwandelaar gaat het hart sneller kloppen als je het over de Dolomieten hebt.<\/p>\n\n\n\n<figure class=\"wp-block-image size-large\"><img loading=\"lazy\" decoding=\"async\" width=\"930\" height=\"620\" src=\"https:\/\/360explore.com\/nl\/wp-content\/uploads\/sites\/2\/2021\/03\/Huttentocht-in-Italie-gezelligheid-1-930x620.jpg\" alt=\"Huttentocht in Italie\" class=\"wp-image-1235\" srcset=\"https:\/\/360explore.com\/nl\/wp-content\/uploads\/sites\/2\/2021\/03\/Huttentocht-in-Italie-gezelligheid-1-930x620.jpg 930w, https:\/\/360explore.com\/nl\/wp-content\/uploads\/sites\/2\/2021\/03\/Huttentocht-in-Italie-gezelligheid-1-460x307.jpg 460w, https:\/\/360explore.com\/nl\/wp-content\/uploads\/sites\/2\/2021\/03\/Huttentocht-in-Italie-gezelligheid-1-330x220.jpg 330w, https:\/\/360explore.com\/nl\/wp-content\/uploads\/sites\/2\/2021\/03\/Huttentocht-in-Italie-gezelligheid-1-705x470.jpg 705w, https:\/\/360explore.com\/nl\/wp-content\/uploads\/sites\/2\/2021\/03\/Huttentocht-in-Italie-gezelligheid-1-1440x960.jpg 1440w, https:\/\/360explore.com\/nl\/wp-content\/uploads\/sites\/2\/2021\/03\/Huttentocht-in-Italie-gezelligheid-1-1920x1280.jpg 1920w\" sizes=\"(max-width: 930px) 100vw, 930px\" \/><\/figure>\n\n\n\n<h3 class=\"wp-block-heading\">Valle d\u2019Aosta en het Gran Paradiso gebied<\/h3>\n\n\n\n<p>Binnen het gebied van Valle d\u2019Aosta ligt een van de mooiste berggebieden van Europa, tevens het oudste Nationaal park van Itali\u00eb, het Gran Paradiso gebied. Dit gebied is van oorsprong het jachtgebied van de Italiaanse koning dat tegenwoordig een wandelgebied is waar elke natuur- en bergliefhebber ontzettend blij van wordt. De natuur kan er z\u2019n gang gaan en daarmee is er een weelderige flora en fauna ontstaan die goed wordt beschermd. Het gebied leent zich ontzettend goed voor een meerdaagse huttentocht in Itali\u00eb omdat je via diepe dalen ver in het gebied kunt komen. Zo is er zelfs een 8 a 9 daagse traverse dwars door het hele gebied mogelijk.<\/p>\n\n\n\n<p><br>Een leuke wetenswaardigheid, vanwege intensieve jacht, was dit het laatste gebied van de gehele Alpen waar nog de steenbok voor kwam. Bezoek je dit gebied, dan kan het niet missen of je loopt ze tegen het lijf. Met dank aan Victor Emmanuel.<\/p>\n\n\n\n<!--trips-->\n\n\n\n<h3 class=\"wp-block-heading\">Bergamasker Alpen en de Adamello Brenta<\/h3>\n\n\n\n<p>Twee, onder Nederlanders, onbekende berggebieden die meer dan de moeite waard zijn voor een huttentocht in Itali\u00eb. Het is er minder druk, ongerept en meerde bergtoppen boven de 3000m. In het gebied is geschiedenis geschreven tijdens de Eerste Wereldoorlog waarvan je nog restanten tegen kunt komen. Wat de gebieden daarnaast bijzonder maakt is het feit dat de bergen er uit verschillende soorten gesteentes zijn opgebouwd. Hierdoor is de voedingsbodem erg geschikt voor een weelderige plantengroei die je nergens anders in de Alpen vindt.<\/p>\n\n\n\n<p><br>Omdat deze berggebieden minder toeristisch zijn dan de anderen kan het zijn dat de markering van de wandelpaden minder goed zichtbaar zijn of zelfs ontbreken. Daarom zijn beide gebieden geschikt voor de meer ervaren bergwandelaar en zeer interessant voor een uitdagende huttentocht in Itali\u00eb. Er zijn vele blokkenvelden en sommige passages worden extra beveiligd met een staalkabel waar je je aan vast kunt houden. Het zijn hier niet de dag afstanden die het zwaar maken, maar eerder de hoogteverschillen en de type terrein. Ben je op zoek naar het ware Italiaanse bergleven, dan moet je hier zeker naar toe.<\/p>\n\n\n\n<figure class=\"wp-block-image size-large\"><img loading=\"lazy\" decoding=\"async\" width=\"930\" height=\"620\" src=\"https:\/\/360explore.com\/nl\/wp-content\/uploads\/sites\/2\/2021\/03\/Huttentocht-in-Italie-Adamello-1-930x620.jpg\" alt=\"Huttentocht italie\" class=\"wp-image-1236\" srcset=\"https:\/\/360explore.com\/nl\/wp-content\/uploads\/sites\/2\/2021\/03\/Huttentocht-in-Italie-Adamello-1-930x620.jpg 930w, https:\/\/360explore.com\/nl\/wp-content\/uploads\/sites\/2\/2021\/03\/Huttentocht-in-Italie-Adamello-1-460x307.jpg 460w, https:\/\/360explore.com\/nl\/wp-content\/uploads\/sites\/2\/2021\/03\/Huttentocht-in-Italie-Adamello-1-330x220.jpg 330w, https:\/\/360explore.com\/nl\/wp-content\/uploads\/sites\/2\/2021\/03\/Huttentocht-in-Italie-Adamello-1-705x470.jpg 705w, https:\/\/360explore.com\/nl\/wp-content\/uploads\/sites\/2\/2021\/03\/Huttentocht-in-Italie-Adamello-1-1440x960.jpg 1440w, https:\/\/360explore.com\/nl\/wp-content\/uploads\/sites\/2\/2021\/03\/Huttentocht-in-Italie-Adamello-1-1920x1280.jpg 1920w\" sizes=\"(max-width: 930px) 100vw, 930px\" \/><\/figure>\n\n\n\n<h2 class=\"wp-block-heading\">Een zelfstandige huttentocht Itali\u00eb<\/h2>\n\n\n\n<p>Het is heel goed mogelijk om zelfstandig een huttentocht in Itali\u00eb te maken. Het kan handig zijn als je een klein woordje Italiaans spreekt en houdt er wel rekening mee dat de Italianen geen Engels spreken. Een paar woorden zijn vaak meer dan voldoende om het ijs te kunnen breken omdat de huttenwaarden er over het algemeen gastvrij en behulpzaam zijn.<\/p>\n\n\n\n<p><br>Voor de ori\u00ebntatie en navigatie is het belangrijk dat je beschikt over de juiste topografische kaart en de kennis en kunde hebt om deze goed te kunnen lezen. Dit kun je ook gewoon in Nederland oefenen. Wil je meer informatie, <a class=\"rank-math-link\" href=\"https:\/\/360explore.com\/nl\/huttentocht\/\">lees dan dit artikel over het maken van een huttentocht<\/a>.<br><br>Heb je de kennis en kunde voor een zelfstandige huttentocht niet, <a href=\"https:\/\/360explore.com\/nl\/reizen\/iml-voorbereidings-module-winter\/\" data-type=\"trip\" data-id=\"1081\">volg dan een cursus <\/a>om je vaardigheden bij te schaven. Vind je het heel leuk om met een groepsreis onderweg te zijn? Dan zijn er diverse huttentochten in Itali\u00eb die je onder leiding van een gids kunt maken. <\/p>\n\n\n\n<p>Mocht je na het lezen van dit artikel nog vragen hebben, <a href=\"tel:\/\/0031172255360\"><\/a><a class=\"rank-math-link\" href=\"https:\/\/360explore.com\/nl\/contact\/\" data-type=\"page\" data-id=\"45\">bel<\/a> of <a class=\"rank-math-link\" href=\"https:\/\/360explore.com\/nl\/contact\/\" data-type=\"page\" data-id=\"45\"><\/a><a href=\"mailto:basecamp@360explore.com\" data-type=\"mailto\" data-id=\"mailto:basecamp@360explore.com\">m<\/a><a href=\"https:\/\/360explore.com\/nl\/contact\/\" data-type=\"page\" data-id=\"45\">ail<\/a> gerust, we staan voor je klaar.<\/p>\n\n\n\n<p><\/p>\n","protected":false},"excerpt":{"rendered":"<p>Huttentocht Itali\u00eb, Itali\u00eb is werkelijk een fascinerend land voor een huttentocht. De hoogste bergen van Europa zoals de Mont Blanc, Monte Rosa, Gran Paradiso en Matterhorn liggen allemaal op de landsgrens. Daarbij zijn deze bergen ruim 4000m hoog, ruig, besneeuwd en werkelijk indrukwekkend. De schoonheid van een huttentocht Itali\u00eb Een huttentocht Itali\u00eb is \u00e9\u00e9n en [&hellip;]<\/p>\n","protected":false},"author":4,"featured_media":1237,"parent":311,"menu_order":0,"comment_status":"closed","ping_status":"closed","template":"landingspage.php","meta":{"_acf_changed":false,"_trash_the_other_posts":false,"editor_notices":[],"footnotes":""},"class_list":["post-809","page","type-page","status-publish","has-post-thumbnail","hentry"],"acf":[],"_links":{"self":[{"href":"https:\/\/360explore.com\/nl\/wp-json\/wp\/v2\/pages\/809"}],"collection":[{"href":"https:\/\/360explore.com\/nl\/wp-json\/wp\/v2\/pages"}],"about":[{"href":"https:\/\/360explore.com\/nl\/wp-json\/wp\/v2\/types\/page"}],"author":[{"embeddable":true,"href":"https:\/\/360explore.com\/nl\/wp-json\/wp\/v2\/users\/4"}],"replies":[{"embeddable":true,"href":"https:\/\/360explore.com\/nl\/wp-json\/wp\/v2\/comments?post=809"}],"version-history":[{"count":1,"href":"https:\/\/360explore.com\/nl\/wp-json\/wp\/v2\/pages\/809\/revisions"}],"predecessor-version":[{"id":17243,"href":"https:\/\/360explore.com\/nl\/wp-json\/wp\/v2\/pages\/809\/revisions\/17243"}],"up":[{"embeddable":true,"href":"https:\/\/360explore.com\/nl\/wp-json\/wp\/v2\/pages\/311"}],"wp:featuredmedia":[{"embeddable":true,"href":"https:\/\/360explore.com\/nl\/wp-json\/wp\/v2\/media\/1237"}],"wp:attachment":[{"href":"https:\/\/360explore.com\/nl\/wp-json\/wp\/v2\/media?parent=809"}],"curies":[{"name":"wp","href":"https:\/\/api.w.org\/{rel}","templated":true}]}}